{"id":4524,"date":"2024-03-29T13:32:15","date_gmt":"2024-03-29T13:32:15","guid":{"rendered":"https:\/\/www.islamkutuphanesi.com\/?page_id=4524"},"modified":"2025-03-04T17:22:42","modified_gmt":"2025-03-04T14:22:42","slug":"bagis","status":"publish","type":"page","link":"https:\/\/www.islamkutuphanesi.com\/it\/bagis\/","title":{"rendered":"Donazione"},"content":{"rendered":"<div data-elementor-type=\"wp-page\" data-elementor-id=\"4524\" class=\"elementor elementor-4524\">\n\t\t\t\t\t\t<section class=\"elementor-section elementor-top-section elementor-element elementor-element-f934a19 elementor-section-full_width elementor-section-height-default elementor-section-height-default sc_fly_static\" data-id=\"f934a19\" data-element_type=\"section\">\n\t\t\t\t\t\t<div class=\"elementor-container elementor-column-gap-no\">\n\t\t\t\t\t<div class=\"elementor-column elementor-col-100 elementor-top-column elementor-element elementor-element-bb09f04 sc_content_align_inherit sc_layouts_column_icons_position_left sc_fly_static\" data-id=\"bb09f04\" data-element_type=\"column\">\n\t\t\t<div class=\"elementor-widget-wrap elementor-element-populated\">\n\t\t\t\t\t\t<div class=\"elementor-element elementor-element-86b07f8 sc_height_huge sc_fly_static elementor-widget elementor-widget-spacer\" data-id=\"86b07f8\" data-element_type=\"widget\" data-widget_type=\"spacer.default\">\n\t\t\t\t<div class=\"elementor-widget-container\">\n\t\t\t\t\t\t\t<div class=\"elementor-spacer\">\n\t\t\t<div class=\"elementor-spacer-inner\"><\/div>\n\t\t<\/div>\n\t\t\t\t\t\t<\/div>\n\t\t\t\t<\/div>\n\t\t\t\t<div class=\"elementor-element elementor-element-cb8637d sc_layouts_hide_on_notebook sc_layouts_hide_on_tablet sc_layouts_hide_on_mobile sc_fly_static elementor-widget elementor-widget-spacer\" data-id=\"cb8637d\" data-element_type=\"widget\" data-widget_type=\"spacer.default\">\n\t\t\t\t<div class=\"elementor-widget-container\">\n\t\t\t\t\t\t\t<div class=\"elementor-spacer\">\n\t\t\t<div class=\"elementor-spacer-inner\"><\/div>\n\t\t<\/div>\n\t\t\t\t\t\t<\/div>\n\t\t\t\t<\/div>\n\t\t\t\t<div class=\"elementor-element elementor-element-ffb0c9b sc_layouts_hide_on_notebook sc_layouts_hide_on_tablet sc_layouts_hide_on_mobile sc_fly_static elementor-widget elementor-widget-spacer\" data-id=\"ffb0c9b\" data-element_type=\"widget\" data-widget_type=\"spacer.default\">\n\t\t\t\t<div class=\"elementor-widget-container\">\n\t\t\t\t\t\t\t<div class=\"elementor-spacer\">\n\t\t\t<div class=\"elementor-spacer-inner\"><\/div>\n\t\t<\/div>\n\t\t\t\t\t\t<\/div>\n\t\t\t\t<\/div>\n\t\t\t\t<div class=\"elementor-element elementor-element-f1107a4 sc_layouts_hide_on_notebook sc_layouts_hide_on_tablet sc_layouts_hide_on_mobile sc_fly_static elementor-widget elementor-widget-spacer\" data-id=\"f1107a4\" data-element_type=\"widget\" data-widget_type=\"spacer.default\">\n\t\t\t\t<div class=\"elementor-widget-container\">\n\t\t\t\t\t\t\t<div class=\"elementor-spacer\">\n\t\t\t<div class=\"elementor-spacer-inner\"><\/div>\n\t\t<\/div>\n\t\t\t\t\t\t<\/div>\n\t\t\t\t<\/div>\n\t\t\t\t<div class=\"elementor-element elementor-element-0b855a6 sc_layouts_hide_on_notebook sc_layouts_hide_on_tablet sc_layouts_hide_on_mobile sc_fly_static elementor-widget elementor-widget-spacer\" data-id=\"0b855a6\" data-element_type=\"widget\" data-widget_type=\"spacer.default\">\n\t\t\t\t<div class=\"elementor-widget-container\">\n\t\t\t\t\t\t\t<div class=\"elementor-spacer\">\n\t\t\t<div class=\"elementor-spacer-inner\"><\/div>\n\t\t<\/div>\n\t\t\t\t\t\t<\/div>\n\t\t\t\t<\/div>\n\t\t\t\t<section class=\"elementor-section elementor-inner-section elementor-element elementor-element-2f57d34 elementor-section-boxed elementor-section-height-default elementor-section-height-default sc_fly_static\" data-id=\"2f57d34\" data-element_type=\"section\">\n\t\t\t\t\t\t<div class=\"elementor-container elementor-column-gap-extended\">\n\t\t\t\t\t<div class=\"elementor-column elementor-col-100 elementor-inner-column elementor-element elementor-element-453d48c sc_content_align_inherit sc_layouts_column_icons_position_left sc_fly_static\" data-id=\"453d48c\" data-element_type=\"column\">\n\t\t\t<div class=\"elementor-widget-wrap elementor-element-populated\">\n\t\t\t\t\t\t<div class=\"elementor-element elementor-element-e5a24e3 scheme_default sc_fly_static elementor-widget elementor-widget-trx_sc_price\" data-id=\"e5a24e3\" data-element_type=\"widget\" data-widget_type=\"trx_sc_price.default\">\n\t\t\t\t<div class=\"elementor-widget-container\">\n\t\t\t\t\t<div  \n\tclass=\"sc_price scheme_default sc_price_simple_shadow\"><div class=\"sc_price_columns_wrap sc_item_columns trx_addons_columns_wrap columns_padding_bottom columns_in_single_row\"><div class=\"trx_addons_column-1_3\"><div class=\"sc_price_item sc_price_item_simple_shadow\">\n\t\t\t<div class=\"sc_price_item_inner\"><div class=\"sc_price_item_info_top\"><h3 class=\"sc_price_item_title\"><span>Aykutup Silver Ba\u011f\u0131\u015f<\/span><\/h3><\/div><div class=\"sc_price_item_info\"><div class=\"sc_price_item_price\"><span class=\"sc_price_item_price_value\">500 TL<\/span><span class=\"sc_price_item_price_after\">Tek Seferlik<\/span><\/div><div class=\"sc_price_item_details\"><ul><li>Open AI alt yap\u0131s\u0131 kullan\u0131ld\u0131\u011f\u0131ndan her sorgu i\u00e7in bedel \u00f6denmektedir. Sizlerde projemize destek olarak bu bedel konusunda bize yard\u0131mc\u0131 olabilirsiniz.<\/li><\/ul><\/div><a href=\"https:\/\/www.islamkutuphanesi.com\/it\/bize-ulasin\/\" class=\"sc_price_item_link sc_button_bordered sc_button\">Hemen \u00d6de<\/a><\/div><!-- \/.sc_price_item_info --><\/div><!-- \/.sc_price_item_inner --><\/div><\/div><div class=\"trx_addons_column-1_3\"><div class=\"sc_price_item sc_price_active sc_price_item_simple_shadow\">\n\t\t\t<div class=\"sc_price_item_inner\"><div class=\"sc_price_item_info_top\"><h3 class=\"sc_price_item_title\"><span>Aykutup Gold Ba\u011f\u0131\u015f<\/span><\/h3><\/div><div class=\"sc_price_item_info\"><div class=\"sc_price_item_price\"><span class=\"sc_price_item_price_value\">1000 TL<\/span><span class=\"sc_price_item_price_after\">Tek Seferlik<\/span><\/div><div class=\"sc_price_item_details\"><ul><li>Open AI alt yap\u0131s\u0131 kullan\u0131ld\u0131\u011f\u0131ndan her sorgu i\u00e7in bedel \u00f6denmektedir. Sizlerde projemize destek olarak bu bedel konusunda bize yard\u0131mc\u0131 olabilirsiniz.<\/li><\/ul><\/div><a href=\"https:\/\/www.islamkutuphanesi.com\/it\/bize-ulasin\/\" class=\"sc_price_item_link sc_button_bordered sc_button\">Hemen \u00d6de<\/a><\/div><!-- \/.sc_price_item_info --><\/div><!-- \/.sc_price_item_inner --><\/div><\/div><div class=\"trx_addons_column-1_3\"><div class=\"sc_price_item sc_price_item_simple_shadow\">\n\t\t\t<div class=\"sc_price_item_inner\"><div class=\"sc_price_item_info_top\"><h3 class=\"sc_price_item_title\"><span>Aykutup Platinum Ba\u011f\u0131\u015f<\/span><\/h3><\/div><div class=\"sc_price_item_info\"><div class=\"sc_price_item_price\"><span class=\"sc_price_item_price_value\">2000 TL<\/span><span class=\"sc_price_item_price_after\">Tek Seferlik<\/span><\/div><div class=\"sc_price_item_details\"><ul><li>Open AI alt yap\u0131s\u0131 kullan\u0131ld\u0131\u011f\u0131ndan her sorgu i\u00e7in bedel \u00f6denmektedir. Sizlerde projemize destek olarak bu bedel konusunda bize yard\u0131mc\u0131 olabilirsiniz.<\/li><\/ul><\/div><a href=\"https:\/\/www.islamkutuphanesi.com\/it\/bize-ulasin\/\" class=\"sc_price_item_link sc_button_bordered sc_button\">Hemen \u00d6de<\/a><\/div><!-- \/.sc_price_item_info --><\/div><!-- \/.sc_price_item_inner --><\/div><\/div><\/div><\/div><!-- \/.sc_price -->\t\t\t\t<\/div>\n\t\t\t\t<\/div>\n\t\t\t\t\t<\/div>\n\t\t<\/div>\n\t\t\t\t\t<\/div>\n\t\t<\/section>\n\t\t\t\t<div class=\"elementor-element elementor-element-83cb992 sc_height_huge sc_fly_static elementor-widget elementor-widget-spacer\" data-id=\"83cb992\" data-element_type=\"widget\" data-widget_type=\"spacer.default\">\n\t\t\t\t<div class=\"elementor-widget-container\">\n\t\t\t\t\t\t\t<div class=\"elementor-spacer\">\n\t\t\t<div class=\"elementor-spacer-inner\"><\/div>\n\t\t<\/div>\n\t\t\t\t\t\t<\/div>\n\t\t\t\t<\/div>\n\t\t\t\t<section class=\"elementor-section elementor-inner-section elementor-element elementor-element-eb7e8b9 elementor-section-boxed elementor-section-height-default elementor-section-height-default sc_fly_static\" data-id=\"eb7e8b9\" data-element_type=\"section\">\n\t\t\t\t\t\t<div class=\"elementor-container elementor-column-gap-extended\">\n\t\t\t\t\t<div class=\"elementor-column elementor-col-100 elementor-inner-column elementor-element elementor-element-476e6d9 sc_content_align_inherit sc_layouts_column_icons_position_left sc_fly_static\" data-id=\"476e6d9\" data-element_type=\"column\">\n\t\t\t<div class=\"elementor-widget-wrap elementor-element-populated\">\n\t\t\t\t\t\t<div class=\"elementor-element elementor-element-c81d7cc scheme_default sc_fly_static elementor-widget elementor-widget-trx_sc_price\" data-id=\"c81d7cc\" data-element_type=\"widget\" data-widget_type=\"trx_sc_price.default\">\n\t\t\t\t<div class=\"elementor-widget-container\">\n\t\t\t\t\t<div  \n\tclass=\"sc_price scheme_default sc_price_simple_shadow\"><div class=\"sc_price_columns_wrap sc_item_columns trx_addons_columns_wrap columns_padding_bottom columns_in_single_row\"><div class=\"trx_addons_column-1_2\"><div class=\"sc_price_item sc_price_item_simple_shadow\">\n\t\t\t<div class=\"sc_price_item_inner\"><div class=\"sc_price_item_info_top\"><h3 class=\"sc_price_item_title\"><span>BTC Bitcoin<\/span><\/h3><\/div><div class=\"sc_price_item_info\"><div class=\"sc_price_item_price\"><span class=\"sc_price_item_price_value\">C\u00fczdan<\/span><\/div><div class=\"sc_price_item_details\"><p>3FQ1ZTxwzecoebuR8pKAwXbBqRDcvJccT6<\/p><\/div><\/div><!-- \/.sc_price_item_info --><\/div><!-- \/.sc_price_item_inner --><a href=\"http:\/\/3FQ1ZTxwzecoebuR8pKAwXbBqRDcvJccT6\" class=\"sc_price_item_link sc_price_item_link_over\"><\/a><\/div><\/div><div class=\"trx_addons_column-1_2\"><div class=\"sc_price_item sc_price_active sc_price_item_simple_shadow\">\n\t\t\t<div class=\"sc_price_item_inner\"><div class=\"sc_price_item_info_top\"><h3 class=\"sc_price_item_title\"><span>TRC20 Tron<\/span><\/h3><\/div><div class=\"sc_price_item_info\"><div class=\"sc_price_item_price\"><span class=\"sc_price_item_price_value\">C\u00fczdan<\/span><\/div><div class=\"sc_price_item_details\"><p>TJxGFawqmPHSFTFQVCnQya5zCN7NaaVdM2<\/p><\/div><\/div><!-- \/.sc_price_item_info --><\/div><!-- \/.sc_price_item_inner --><a href=\"http:\/\/TJxGFawqmPHSFTFQVCnQya5zCN7NaaVdM2\" class=\"sc_price_item_link sc_price_item_link_over\"><\/a><\/div><\/div><\/div><\/div><!-- \/.sc_price -->\t\t\t\t<\/div>\n\t\t\t\t<\/div>\n\t\t\t\t\t<\/div>\n\t\t<\/div>\n\t\t\t\t\t<\/div>\n\t\t<\/section>\n\t\t\t\t<div class=\"elementor-element elementor-element-57de1fa sc_height_huge sc_fly_static elementor-widget elementor-widget-spacer\" data-id=\"57de1fa\" data-element_type=\"widget\" data-widget_type=\"spacer.default\">\n\t\t\t\t<div class=\"elementor-widget-container\">\n\t\t\t\t\t\t\t<div class=\"elementor-spacer\">\n\t\t\t<div class=\"elementor-spacer-inner\"><\/div>\n\t\t<\/div>\n\t\t\t\t\t\t<\/div>\n\t\t\t\t<\/div>\n\t\t\t\t<section class=\"elementor-section elementor-inner-section elementor-element elementor-element-dcaaa0e elementor-section-boxed elementor-section-height-default elementor-section-height-default sc_fly_static\" data-id=\"dcaaa0e\" data-element_type=\"section\">\n\t\t\t\t\t\t<div class=\"elementor-container elementor-column-gap-extended\">\n\t\t\t\t\t<div class=\"elementor-column elementor-col-100 elementor-inner-column elementor-element elementor-element-ccaf895 sc_content_align_inherit sc_layouts_column_icons_position_left sc_fly_static\" data-id=\"ccaf895\" data-element_type=\"column\">\n\t\t\t<div class=\"elementor-widget-wrap elementor-element-populated\">\n\t\t\t\t\t\t<div class=\"elementor-element elementor-element-fa6f53c elementor-widget-divider--view-line sc_fly_static elementor-widget elementor-widget-divider\" data-id=\"fa6f53c\" data-element_type=\"widget\" data-widget_type=\"divider.default\">\n\t\t\t\t<div class=\"elementor-widget-container\">\n\t\t\t\t\t\t\t<div class=\"elementor-divider\">\n\t\t\t<span class=\"elementor-divider-separator\">\n\t\t\t\t\t\t<\/span>\n\t\t<\/div>\n\t\t\t\t\t\t<\/div>\n\t\t\t\t<\/div>\n\t\t\t\t\t<\/div>\n\t\t<\/div>\n\t\t\t\t\t<\/div>\n\t\t<\/section>\n\t\t\t\t\t<\/div>\n\t\t<\/div>\n\t\t\t\t\t<\/div>\n\t\t<\/section>\n\t\t\t\t<\/div>","protected":false},"excerpt":{"rendered":"<p>Aykutup Silver Ba\u011f\u0131\u015f 500 TLTek Seferlik Open AI alt yap\u0131s\u0131 kullan\u0131ld\u0131\u011f\u0131ndan her sorgu i\u00e7in bedel \u00f6denmektedir. Sizlerde projemize destek olarak bu bedel konusunda bize yard\u0131mc\u0131 olabilirsiniz. Hemen \u00d6de Aykutup Gold Ba\u011f\u0131\u015f 1000&hellip;<\/p>","protected":false},"author":1,"featured_media":0,"parent":0,"menu_order":0,"comment_status":"closed","ping_status":"closed","template":"","meta":{"footnotes":""},"class_list":["post-4524","page","type-page","status-publish","hentry"],"_links":{"self":[{"href":"https:\/\/www.islamkutuphanesi.com\/it\/wp-json\/wp\/v2\/pages\/4524","targetHints":{"allow":["GET"]}}],"collection":[{"href":"https:\/\/www.islamkutuphanesi.com\/it\/wp-json\/wp\/v2\/pages"}],"about":[{"href":"https:\/\/www.islamkutuphanesi.com\/it\/wp-json\/wp\/v2\/types\/page"}],"author":[{"embeddable":true,"href":"https:\/\/www.islamkutuphanesi.com\/it\/wp-json\/wp\/v2\/users\/1"}],"replies":[{"embeddable":true,"href":"https:\/\/www.islamkutuphanesi.com\/it\/wp-json\/wp\/v2\/comments?post=4524"}],"version-history":[{"count":13,"href":"https:\/\/www.islamkutuphanesi.com\/it\/wp-json\/wp\/v2\/pages\/4524\/revisions"}],"predecessor-version":[{"id":65478,"href":"https:\/\/www.islamkutuphanesi.com\/it\/wp-json\/wp\/v2\/pages\/4524\/revisions\/65478"}],"wp:attachment":[{"href":"https:\/\/www.islamkutuphanesi.com\/it\/wp-json\/wp\/v2\/media?parent=4524"}],"curies":[{"name":"wp","href":"https:\/\/api.w.org\/{rel}","templated":true}]}}