{"id":211,"date":"2022-12-23T22:58:06","date_gmt":"2022-12-23T22:58:06","guid":{"rendered":"https:\/\/www.islamkutuphanesi.com\/?page_id=211"},"modified":"2025-01-30T20:42:12","modified_gmt":"2025-01-30T17:42:12","slug":"hakkimizda","status":"publish","type":"page","link":"https:\/\/www.islamkutuphanesi.com\/en\/about-us\/","title":{"rendered":"About Us"},"content":{"rendered":"<div data-elementor-type=\"wp-page\" data-elementor-id=\"211\" class=\"elementor elementor-211\">\n\t\t\t\t\t\t<section class=\"elementor-section elementor-top-section elementor-element elementor-element-7810c71 elementor-section-full_width elementor-section-height-default elementor-section-height-default sc_fly_static\" data-id=\"7810c71\" data-element_type=\"section\">\n\t\t\t\t\t\t<div class=\"elementor-container elementor-column-gap-no\">\n\t\t\t\t\t<div class=\"elementor-column elementor-col-100 elementor-top-column elementor-element elementor-element-8037d8a sc_content_align_inherit sc_layouts_column_icons_position_left sc_fly_static\" data-id=\"8037d8a\" data-element_type=\"column\">\n\t\t\t<div class=\"elementor-widget-wrap elementor-element-populated\">\n\t\t\t\t\t\t<div class=\"elementor-element elementor-element-bbc4f48 sc_layouts_hide_on_notebook sc_layouts_hide_on_tablet sc_layouts_hide_on_mobile sc_fly_static elementor-widget elementor-widget-spacer\" data-id=\"bbc4f48\" data-element_type=\"widget\" data-widget_type=\"spacer.default\">\n\t\t\t\t<div class=\"elementor-widget-container\">\n\t\t\t\t\t\t\t<div class=\"elementor-spacer\">\n\t\t\t<div class=\"elementor-spacer-inner\"><\/div>\n\t\t<\/div>\n\t\t\t\t\t\t<\/div>\n\t\t\t\t<\/div>\n\t\t\t\t<div class=\"elementor-element elementor-element-10f7bc5 sc_height_huge sc_fly_static elementor-widget elementor-widget-spacer\" data-id=\"10f7bc5\" data-element_type=\"widget\" data-widget_type=\"spacer.default\">\n\t\t\t\t<div class=\"elementor-widget-container\">\n\t\t\t\t\t\t\t<div class=\"elementor-spacer\">\n\t\t\t<div class=\"elementor-spacer-inner\"><\/div>\n\t\t<\/div>\n\t\t\t\t\t\t<\/div>\n\t\t\t\t<\/div>\n\t\t\t\t<section class=\"elementor-section elementor-inner-section elementor-element elementor-element-105ca37 elementor-section-content-space-between elementor-section-boxed elementor-section-height-default elementor-section-height-default sc_fly_static\" data-id=\"105ca37\" data-element_type=\"section\">\n\t\t\t\t\t\t<div class=\"elementor-container elementor-column-gap-extended\">\n\t\t\t\t\t<div class=\"elementor-column elementor-col-100 elementor-inner-column elementor-element elementor-element-6c3324d sc_content_align_inherit sc_layouts_column_icons_position_left sc_fly_static\" data-id=\"6c3324d\" data-element_type=\"column\">\n\t\t\t<div class=\"elementor-widget-wrap elementor-element-populated\">\n\t\t\t\t\t\t<div class=\"elementor-element elementor-element-31ba30d elementor-widget__width-initial sc_fly_static elementor-widget elementor-widget-trx_sc_title\" data-id=\"31ba30d\" data-element_type=\"widget\" data-widget_type=\"trx_sc_title.default\">\n\t\t\t\t<div class=\"elementor-widget-container\">\n\t\t\t\t\t<div\t\tclass=\"sc_title sc_title_default\" ><h2 class=\"sc_item_title sc_title_title sc_item_title_style_default sc_item_title_tag\"\n\t\t\t><span class=\"sc_item_title_text\">O you who believe!\n<\/span><\/h2><\/div>\t\t\t\t<\/div>\n\t\t\t\t<\/div>\n\t\t\t\t<div class=\"elementor-element elementor-element-65ce05e sc_fly_static elementor-widget elementor-widget-text-editor\" data-id=\"65ce05e\" data-element_type=\"widget\" data-widget_type=\"text-editor.default\">\n\t\t\t\t<div class=\"elementor-widget-container\">\n\t\t\t\t\t\t\t\t\t<p>\u00a0<\/p><p>\"O you who believe! yourselves and your families,<br \/>protecting from the Fire of Hell, whose fuel is men and stones. The angels are in charge of that Fire, stern and hard, who do not disobey Allah's commands, but do what they are commanded.\"<\/p><p><strong>Surah Tahrim \/ 6<\/strong><\/p>\t\t\t\t\t\t\t\t<\/div>\n\t\t\t\t<\/div>\n\t\t\t\t<div class=\"elementor-element elementor-element-6a99d9a sc_fly_static elementor-widget elementor-widget-spacer\" data-id=\"6a99d9a\" data-element_type=\"widget\" data-widget_type=\"spacer.default\">\n\t\t\t\t<div class=\"elementor-widget-container\">\n\t\t\t\t\t\t\t<div class=\"elementor-spacer\">\n\t\t\t<div class=\"elementor-spacer-inner\"><\/div>\n\t\t<\/div>\n\t\t\t\t\t\t<\/div>\n\t\t\t\t<\/div>\n\t\t\t\t\t<\/div>\n\t\t<\/div>\n\t\t\t\t\t<\/div>\n\t\t<\/section>\n\t\t\t\t<div class=\"elementor-element elementor-element-d5874d9 sc_layouts_hide_on_notebook sc_layouts_hide_on_tablet sc_layouts_hide_on_mobile sc_fly_static elementor-widget elementor-widget-spacer\" data-id=\"d5874d9\" data-element_type=\"widget\" data-widget_type=\"spacer.default\">\n\t\t\t\t<div class=\"elementor-widget-container\">\n\t\t\t\t\t\t\t<div class=\"elementor-spacer\">\n\t\t\t<div class=\"elementor-spacer-inner\"><\/div>\n\t\t<\/div>\n\t\t\t\t\t\t<\/div>\n\t\t\t\t<\/div>\n\t\t\t\t<div class=\"elementor-element elementor-element-eb8e6c0 sc_height_huge sc_fly_static elementor-widget elementor-widget-spacer\" data-id=\"eb8e6c0\" data-element_type=\"widget\" data-widget_type=\"spacer.default\">\n\t\t\t\t<div class=\"elementor-widget-container\">\n\t\t\t\t\t\t\t<div class=\"elementor-spacer\">\n\t\t\t<div class=\"elementor-spacer-inner\"><\/div>\n\t\t<\/div>\n\t\t\t\t\t\t<\/div>\n\t\t\t\t<\/div>\n\t\t\t\t\t<\/div>\n\t\t<\/div>\n\t\t\t\t\t<\/div>\n\t\t<\/section>\n\t\t\t\t<\/div>","protected":false},"excerpt":{"rendered":"<p>Ey \u0130man Edenler ! \u00a0 &#8220;Ey iman edenler! Kendinizi ve ailenizi,yak\u0131t\u0131 insanlar ve ta\u015flar olan cehennem ate\u015finden koruyan. Allah\u2019\u0131n kendilerine verdi\u011fi emirlere kar\u015f\u0131 gelmeyen, kendilerine emredileni yapan, ha\u015fin ve sert melekler, o&hellip;<\/p>","protected":false},"author":1,"featured_media":0,"parent":0,"menu_order":0,"comment_status":"closed","ping_status":"closed","template":"","meta":{"footnotes":""},"class_list":["post-211","page","type-page","status-publish","hentry"],"_links":{"self":[{"href":"https:\/\/www.islamkutuphanesi.com\/en\/wp-json\/wp\/v2\/pages\/211","targetHints":{"allow":["GET"]}}],"collection":[{"href":"https:\/\/www.islamkutuphanesi.com\/en\/wp-json\/wp\/v2\/pages"}],"about":[{"href":"https:\/\/www.islamkutuphanesi.com\/en\/wp-json\/wp\/v2\/types\/page"}],"author":[{"embeddable":true,"href":"https:\/\/www.islamkutuphanesi.com\/en\/wp-json\/wp\/v2\/users\/1"}],"replies":[{"embeddable":true,"href":"https:\/\/www.islamkutuphanesi.com\/en\/wp-json\/wp\/v2\/comments?post=211"}],"version-history":[{"count":7,"href":"https:\/\/www.islamkutuphanesi.com\/en\/wp-json\/wp\/v2\/pages\/211\/revisions"}],"predecessor-version":[{"id":65317,"href":"https:\/\/www.islamkutuphanesi.com\/en\/wp-json\/wp\/v2\/pages\/211\/revisions\/65317"}],"wp:attachment":[{"href":"https:\/\/www.islamkutuphanesi.com\/en\/wp-json\/wp\/v2\/media?parent=211"}],"curies":[{"name":"wp","href":"https:\/\/api.w.org\/{rel}","templated":true}]}}