{"id":4163,"date":"2024-03-28T12:12:53","date_gmt":"2024-03-28T12:12:53","guid":{"rendered":"https:\/\/www.islamkutuphanesi.com\/?page_id=4163"},"modified":"2025-02-04T16:00:59","modified_gmt":"2025-02-04T13:00:59","slug":"pdf-arsiv","status":"publish","type":"page","link":"https:\/\/www.islamkutuphanesi.com\/de\/pdf-arsiv\/","title":{"rendered":"PDF-Archiv"},"content":{"rendered":"<div data-elementor-type=\"wp-page\" data-elementor-id=\"4163\" class=\"elementor elementor-4163\">\n\t\t\t\t\t\t<section class=\"elementor-section elementor-top-section elementor-element elementor-element-629d1a95 elementor-section-boxed elementor-section-height-default elementor-section-height-default sc_fly_static\" data-id=\"629d1a95\" data-element_type=\"section\">\n\t\t\t\t\t\t<div class=\"elementor-container elementor-column-gap-extended\">\n\t\t\t\t\t<div class=\"elementor-column elementor-col-100 elementor-top-column elementor-element elementor-element-4792cca7 sc_content_align_inherit sc_layouts_column_icons_position_left sc_fly_static\" data-id=\"4792cca7\" data-element_type=\"column\">\n\t\t\t<div class=\"elementor-widget-wrap elementor-element-populated\">\n\t\t\t\t\t\t<div class=\"elementor-element elementor-element-bfbd1d6 sc_layouts_hide_on_notebook sc_layouts_hide_on_tablet sc_layouts_hide_on_mobile sc_fly_static elementor-widget elementor-widget-spacer\" data-id=\"bfbd1d6\" data-element_type=\"widget\" data-widget_type=\"spacer.default\">\n\t\t\t\t<div class=\"elementor-widget-container\">\n\t\t\t\t\t\t\t<div class=\"elementor-spacer\">\n\t\t\t<div class=\"elementor-spacer-inner\"><\/div>\n\t\t<\/div>\n\t\t\t\t\t\t<\/div>\n\t\t\t\t<\/div>\n\t\t\t\t<div class=\"elementor-element elementor-element-6e8041f4 sc_fly_static elementor-widget elementor-widget-text-editor\" data-id=\"6e8041f4\" data-element_type=\"widget\" data-widget_type=\"text-editor.default\">\n\t\t\t\t<div class=\"elementor-widget-container\">\n\t\t\t\t\t\t\t\t\t<h2>De\u011ferli \u0130slam K\u00fct\u00fcphanesi Kullan\u0131c\u0131lar\u0131;<\/h2><p>Yapay zeka destekli islam k\u00fct\u00fcphanesi datalar\u0131nda bulunan ar\u015fivleri buradan diledi\u011finiz gibi indirebilirsiniz. Sorulan sorular\u0131n cevaplar\u0131nda Aykutup&#8217;un size iletmi\u015f oldu\u011fu kaynak dosya ad\u0131 ile buradan kaynaklar\u0131 indirebilirsiniz.\u00a0<\/p>\t\t\t\t\t\t\t\t<\/div>\n\t\t\t\t<\/div>\n\t\t\t\t<div class=\"elementor-element elementor-element-7ac165dd sc_height_huge sc_fly_static elementor-widget elementor-widget-spacer\" data-id=\"7ac165dd\" data-element_type=\"widget\" data-widget_type=\"spacer.default\">\n\t\t\t\t<div class=\"elementor-widget-container\">\n\t\t\t\t\t\t\t<div class=\"elementor-spacer\">\n\t\t\t<div class=\"elementor-spacer-inner\"><\/div>\n\t\t<\/div>\n\t\t\t\t\t\t<\/div>\n\t\t\t\t<\/div>\n\t\t\t\t<div class=\"elementor-element elementor-element-54e4f7be elementor-widget-divider--view-line sc_fly_static elementor-widget elementor-widget-divider\" data-id=\"54e4f7be\" data-element_type=\"widget\" data-widget_type=\"divider.default\">\n\t\t\t\t<div class=\"elementor-widget-container\">\n\t\t\t\t\t\t\t<div class=\"elementor-divider\">\n\t\t\t<span class=\"elementor-divider-separator\">\n\t\t\t\t\t\t<\/span>\n\t\t<\/div>\n\t\t\t\t\t\t<\/div>\n\t\t\t\t<\/div>\n\t\t\t\t<div class=\"elementor-element elementor-element-46c1a8f8 sc_height_huge sc_fly_static elementor-widget elementor-widget-spacer\" data-id=\"46c1a8f8\" data-element_type=\"widget\" data-widget_type=\"spacer.default\">\n\t\t\t\t<div class=\"elementor-widget-container\">\n\t\t\t\t\t\t\t<div class=\"elementor-spacer\">\n\t\t\t<div class=\"elementor-spacer-inner\"><\/div>\n\t\t<\/div>\n\t\t\t\t\t\t<\/div>\n\t\t\t\t<\/div>\n\t\t\t\t<div class=\"elementor-element elementor-element-663d36ff sc_fly_static elementor-widget elementor-widget-trx_sc_title\" data-id=\"663d36ff\" data-element_type=\"widget\" data-widget_type=\"trx_sc_title.default\">\n\t\t\t\t<div class=\"elementor-widget-container\">\n\t\t\t\t\t<div\t\tclass=\"sc_title sc_title_default\" ><span class=\"sc_item_subtitle sc_title_subtitle sc_align_center sc_item_subtitle_above sc_item_title_style_default\">PDF<\/span><h1 class=\"sc_item_title sc_title_title sc_align_center sc_item_title_style_default sc_item_title_tag\"\n\t\t\t><span class=\"sc_item_title_text\">K\u00fct\u00fcphane Ar\u015fiv<\/span><\/h1><\/div>\t\t\t\t<\/div>\n\t\t\t\t<\/div>\n\t\t\t\t<div class=\"elementor-element elementor-element-44ef0e93 sc_height_small sc_fly_static elementor-widget elementor-widget-spacer\" data-id=\"44ef0e93\" data-element_type=\"widget\" data-widget_type=\"spacer.default\">\n\t\t\t\t<div class=\"elementor-widget-container\">\n\t\t\t\t\t\t\t<div class=\"elementor-spacer\">\n\t\t\t<div class=\"elementor-spacer-inner\"><\/div>\n\t\t<\/div>\n\t\t\t\t\t\t<\/div>\n\t\t\t\t<\/div>\n\t\t\t\t<div class=\"elementor-element elementor-element-cc9cab9 sc_fly_static elementor-widget elementor-widget-trx_widget_custom_links\" data-id=\"cc9cab9\" data-element_type=\"widget\" data-widget_type=\"trx_widget_custom_links.default\">\n\t\t\t\t<div class=\"elementor-widget-container\">\n\t\t\t\t\t<div class=\"widget_area sc_widget_custom_links\"><aside class=\"widget widget_custom_links\"><ul class=\"custom_links_list\"><li class=\"custom_links_list_item with_icon\"><a class=\"custom_links_list_item_link\" href=\"#\"><span\t\t\t\t\t\t\tclass=\"custom_links_list_item_icon sc_icon_type_icons icon-star-empty\"\n\t\t\t\t\t\t><\/span><span class=\"custom_links_list_item_title\">Dosya -1 <\/span><\/a><\/li><li class=\"custom_links_list_item with_icon\"><a class=\"custom_links_list_item_link\" href=\"#\"><span\t\t\t\t\t\t\tclass=\"custom_links_list_item_icon sc_icon_type_icons icon-heart-empty\"\n\t\t\t\t\t\t><\/span><span class=\"custom_links_list_item_title\">Dosya -2 <\/span><\/a><\/li><li class=\"custom_links_list_item with_icon\"><a class=\"custom_links_list_item_link\" href=\"#\"><span\t\t\t\t\t\t\tclass=\"custom_links_list_item_icon sc_icon_type_icons icon-clock-empty\"\n\t\t\t\t\t\t><\/span><span class=\"custom_links_list_item_title\">Dosya -3 <\/span><\/a><\/li><\/ul><\/aside><\/div>\t\t\t\t<\/div>\n\t\t\t\t<\/div>\n\t\t\t\t<div class=\"elementor-element elementor-element-eb47c4f sc_layouts_hide_on_notebook sc_layouts_hide_on_tablet sc_layouts_hide_on_mobile sc_fly_static elementor-widget elementor-widget-spacer\" data-id=\"eb47c4f\" data-element_type=\"widget\" data-widget_type=\"spacer.default\">\n\t\t\t\t<div class=\"elementor-widget-container\">\n\t\t\t\t\t\t\t<div class=\"elementor-spacer\">\n\t\t\t<div class=\"elementor-spacer-inner\"><\/div>\n\t\t<\/div>\n\t\t\t\t\t\t<\/div>\n\t\t\t\t<\/div>\n\t\t\t\t\t<\/div>\n\t\t<\/div>\n\t\t\t\t\t<\/div>\n\t\t<\/section>\n\t\t\t\t<\/div>","protected":false},"excerpt":{"rendered":"<p>De\u011ferli \u0130slam K\u00fct\u00fcphanesi Kullan\u0131c\u0131lar\u0131; Yapay zeka destekli islam k\u00fct\u00fcphanesi datalar\u0131nda bulunan ar\u015fivleri buradan diledi\u011finiz gibi indirebilirsiniz. Sorulan sorular\u0131n cevaplar\u0131nda Aykutup&#8217;un size iletmi\u015f oldu\u011fu kaynak dosya ad\u0131 ile buradan kaynaklar\u0131 indirebilirsiniz.\u00a0 PDF K\u00fct\u00fcphane&hellip;<\/p>","protected":false},"author":1,"featured_media":0,"parent":0,"menu_order":0,"comment_status":"closed","ping_status":"closed","template":"","meta":{"footnotes":""},"class_list":["post-4163","page","type-page","status-publish","hentry"],"_links":{"self":[{"href":"https:\/\/www.islamkutuphanesi.com\/de\/wp-json\/wp\/v2\/pages\/4163","targetHints":{"allow":["GET"]}}],"collection":[{"href":"https:\/\/www.islamkutuphanesi.com\/de\/wp-json\/wp\/v2\/pages"}],"about":[{"href":"https:\/\/www.islamkutuphanesi.com\/de\/wp-json\/wp\/v2\/types\/page"}],"author":[{"embeddable":true,"href":"https:\/\/www.islamkutuphanesi.com\/de\/wp-json\/wp\/v2\/users\/1"}],"replies":[{"embeddable":true,"href":"https:\/\/www.islamkutuphanesi.com\/de\/wp-json\/wp\/v2\/comments?post=4163"}],"version-history":[{"count":11,"href":"https:\/\/www.islamkutuphanesi.com\/de\/wp-json\/wp\/v2\/pages\/4163\/revisions"}],"predecessor-version":[{"id":65353,"href":"https:\/\/www.islamkutuphanesi.com\/de\/wp-json\/wp\/v2\/pages\/4163\/revisions\/65353"}],"wp:attachment":[{"href":"https:\/\/www.islamkutuphanesi.com\/de\/wp-json\/wp\/v2\/media?parent=4163"}],"curies":[{"name":"wp","href":"https:\/\/api.w.org\/{rel}","templated":true}]}}