{"id":4579,"date":"2024-03-29T14:06:39","date_gmt":"2024-03-29T14:06:39","guid":{"rendered":"https:\/\/www.islamkutuphanesi.com\/?page_id=4579"},"modified":"2025-02-04T16:42:21","modified_gmt":"2025-02-04T13:42:21","slug":"sik-sorulan-sorular","status":"publish","type":"page","link":"https:\/\/www.islamkutuphanesi.com\/ar\/\u0627\u0644\u0623\u0633\u0626\u0644\u0629-\u0627\u0644\u0645\u062a\u062f\u0627\u0648\u0644\u0629\/","title":{"rendered":"\u0627\u0644\u0623\u0633\u0626\u0644\u0629 \u0627\u0644\u0634\u0627\u0626\u0639\u0629"},"content":{"rendered":"<div data-elementor-type=\"wp-page\" data-elementor-id=\"4579\" class=\"elementor elementor-4579\">\n\t\t\t\t\t\t<section class=\"elementor-section elementor-top-section elementor-element elementor-element-7487451 elementor-section-boxed elementor-section-height-default elementor-section-height-default sc_fly_static\" data-id=\"7487451\" data-element_type=\"section\">\n\t\t\t\t\t\t<div class=\"elementor-container elementor-column-gap-extended\">\n\t\t\t\t\t<div class=\"elementor-column elementor-col-100 elementor-top-column elementor-element elementor-element-3d2a9dd sc_content_align_inherit sc_layouts_column_icons_position_left sc_fly_static\" data-id=\"3d2a9dd\" data-element_type=\"column\">\n\t\t\t<div class=\"elementor-widget-wrap elementor-element-populated\">\n\t\t\t\t\t\t<div class=\"elementor-element elementor-element-27ef3b7 sc_height_huge sc_fly_static elementor-widget elementor-widget-spacer\" data-id=\"27ef3b7\" data-element_type=\"widget\" data-widget_type=\"spacer.default\">\n\t\t\t\t<div class=\"elementor-widget-container\">\n\t\t\t\t\t\t\t<div class=\"elementor-spacer\">\n\t\t\t<div class=\"elementor-spacer-inner\"><\/div>\n\t\t<\/div>\n\t\t\t\t\t\t<\/div>\n\t\t\t\t<\/div>\n\t\t\t\t<div class=\"elementor-element elementor-element-1704bf8 sc_layouts_hide_on_notebook sc_layouts_hide_on_tablet sc_layouts_hide_on_mobile sc_fly_static elementor-widget elementor-widget-spacer\" data-id=\"1704bf8\" data-element_type=\"widget\" data-widget_type=\"spacer.default\">\n\t\t\t\t<div class=\"elementor-widget-container\">\n\t\t\t\t\t\t\t<div class=\"elementor-spacer\">\n\t\t\t<div class=\"elementor-spacer-inner\"><\/div>\n\t\t<\/div>\n\t\t\t\t\t\t<\/div>\n\t\t\t\t<\/div>\n\t\t\t\t<section class=\"elementor-section elementor-inner-section elementor-element elementor-element-da7e9ce elementor-section-content-middle elementor-section-boxed elementor-section-height-default elementor-section-height-default sc_fly_static\" data-id=\"da7e9ce\" data-element_type=\"section\">\n\t\t\t\t\t\t<div class=\"elementor-container elementor-column-gap-no\">\n\t\t\t\t\t<div class=\"elementor-column elementor-col-50 elementor-inner-column elementor-element elementor-element-ed48ec2 sc_content_align_inherit sc_layouts_column_icons_position_left sc_fly_static\" data-id=\"ed48ec2\" data-element_type=\"column\">\n\t\t\t<div class=\"elementor-widget-wrap elementor-element-populated\">\n\t\t\t\t\t\t<div class=\"elementor-element elementor-element-878debd sc_fly_static elementor-widget elementor-widget-image\" data-id=\"878debd\" data-element_type=\"widget\" data-widget_type=\"image.default\">\n\t\t\t\t<div class=\"elementor-widget-container\">\n\t\t\t\t\t\t\t\t\t\t\t\t\t\t\t<img fetchpriority=\"high\" decoding=\"async\" width=\"1792\" height=\"2304\" src=\"https:\/\/www.islamkutuphanesi.com\/wp-content\/uploads\/2025\/02\/sik-sorulan-sorular-aykutup.jpg\" class=\"attachment-full size-full wp-image-65354\" alt=\"\" srcset=\"https:\/\/www.islamkutuphanesi.com\/wp-content\/uploads\/2025\/02\/sik-sorulan-sorular-aykutup.jpg 1792w, https:\/\/www.islamkutuphanesi.com\/wp-content\/uploads\/2025\/02\/sik-sorulan-sorular-aykutup-233x300.jpg 233w, https:\/\/www.islamkutuphanesi.com\/wp-content\/uploads\/2025\/02\/sik-sorulan-sorular-aykutup-796x1024.jpg 796w, https:\/\/www.islamkutuphanesi.com\/wp-content\/uploads\/2025\/02\/sik-sorulan-sorular-aykutup-768x987.jpg 768w, https:\/\/www.islamkutuphanesi.com\/wp-content\/uploads\/2025\/02\/sik-sorulan-sorular-aykutup-1195x1536.jpg 1195w, https:\/\/www.islamkutuphanesi.com\/wp-content\/uploads\/2025\/02\/sik-sorulan-sorular-aykutup-1593x2048.jpg 1593w, https:\/\/www.islamkutuphanesi.com\/wp-content\/uploads\/2025\/02\/sik-sorulan-sorular-aykutup-370x476.jpg 370w, https:\/\/www.islamkutuphanesi.com\/wp-content\/uploads\/2025\/02\/sik-sorulan-sorular-aykutup-840x1080.jpg 840w, https:\/\/www.islamkutuphanesi.com\/wp-content\/uploads\/2025\/02\/sik-sorulan-sorular-aykutup-410x527.jpg 410w\" sizes=\"(max-width: 1792px) 100vw, 1792px\" \/>\t\t\t\t\t\t\t\t\t\t\t\t\t\t\t<\/div>\n\t\t\t\t<\/div>\n\t\t\t\t\t<\/div>\n\t\t<\/div>\n\t\t\t\t<div class=\"elementor-column elementor-col-50 elementor-inner-column elementor-element elementor-element-d9cf6d6 sc_content_align_inherit sc_layouts_column_icons_position_left sc_fly_static\" data-id=\"d9cf6d6\" data-element_type=\"column\">\n\t\t\t<div class=\"elementor-widget-wrap elementor-element-populated\">\n\t\t\t\t\t\t<div class=\"elementor-element elementor-element-489b9f3c elementor-widget__width-initial sc_fly_static elementor-widget elementor-widget-trx_sc_title\" data-id=\"489b9f3c\" data-element_type=\"widget\" data-widget_type=\"trx_sc_title.default\">\n\t\t\t\t<div class=\"elementor-widget-container\">\n\t\t\t\t\t<div\t\tclass=\"sc_title sc_title_default\" ><span class=\"sc_item_subtitle sc_title_subtitle sc_item_subtitle_above sc_item_title_style_default\">\u0627\u0644\u0623\u0633\u0626\u0644\u0629 \u0627\u0644\u0634\u0627\u0626\u0639\u0629 \u0648\u0627\u0644\u0623\u062c\u0648\u0628\u0629<\/span><h1 class=\"sc_item_title sc_title_title sc_item_title_style_default sc_item_title_tag\"\n\t\t\t><span class=\"sc_item_title_text\">\u0627\u0644\u0623\u0633\u0626\u0644\u0629 \u0627\u0644\u0623\u0643\u062b\u0631 \u0634\u064a\u0648\u0639\u0627\u064b\u061f<\/span><\/h1><\/div>\t\t\t\t<\/div>\n\t\t\t\t<\/div>\n\t\t\t\t<div class=\"elementor-element elementor-element-44181ff2 sc_fly_static elementor-widget elementor-widget-spacer\" data-id=\"44181ff2\" data-element_type=\"widget\" data-widget_type=\"spacer.default\">\n\t\t\t\t<div class=\"elementor-widget-container\">\n\t\t\t\t\t\t\t<div class=\"elementor-spacer\">\n\t\t\t<div class=\"elementor-spacer-inner\"><\/div>\n\t\t<\/div>\n\t\t\t\t\t\t<\/div>\n\t\t\t\t<\/div>\n\t\t\t\t<div class=\"elementor-element elementor-element-44e5b4ae elementor-widget-divider--view-line sc_fly_static elementor-widget elementor-widget-divider\" data-id=\"44e5b4ae\" data-element_type=\"widget\" data-widget_type=\"divider.default\">\n\t\t\t\t<div class=\"elementor-widget-container\">\n\t\t\t\t\t\t\t<div class=\"elementor-divider\">\n\t\t\t<span class=\"elementor-divider-separator\">\n\t\t\t\t\t\t<\/span>\n\t\t<\/div>\n\t\t\t\t\t\t<\/div>\n\t\t\t\t<\/div>\n\t\t\t\t<div class=\"elementor-element elementor-element-3dc9d01 bordered sc_fly_static elementor-widget elementor-widget-accordion\" data-id=\"3dc9d01\" data-element_type=\"widget\" data-widget_type=\"accordion.default\">\n\t\t\t\t<div class=\"elementor-widget-container\">\n\t\t\t\t\t\t\t<div class=\"elementor-accordion\">\n\t\t\t\t\t\t\t<div class=\"elementor-accordion-item\">\n\t\t\t\t\t<h5 id=\"elementor-tab-title-6471\" class=\"elementor-tab-title\" data-tab=\"1\" role=\"button\" aria-controls=\"elementor-tab-content-6471\" aria-expanded=\"false\">\n\t\t\t\t\t\t\t\t\t\t\t\t\t<span class=\"elementor-accordion-icon elementor-accordion-icon-right\" aria-hidden=\"true\">\n\t\t\t\t\t\t\t\t\t\t\t\t\t\t\t<span class=\"elementor-accordion-icon-closed\"><svg xmlns=\"http:\/\/www.w3.org\/2000\/svg\" xmlns:xlink=\"http:\/\/www.w3.org\/1999\/xlink\" x=\"0px\" y=\"0px\" viewbox=\"0 0 19.9 19.9\" style=\"enable-background:new 0 0 19.9 19.9;\" xml:space=\"preserve\"><path d=\"M18,8.8l-5-5 c-0.3-0.3-0.8-0.3-1.1,0c-0.3,0.3-0.3,0.8,0,1.1l3.6,3.6H2.4C2,8.6,1.6,8.9,1.6,9.4c0,0.4,0.3,0.8,0.8,0.8h13.2L12,13.8 c-0.3,0.3-0.3,0.8,0,1.1c0.3,0.3,0.8,0.3,1.1,0l5-5C18.3,9.6,18.3,9.1,18,8.8z\"><\/path><\/svg><\/span>\n\t\t\t\t\t\t\t\t<span class=\"elementor-accordion-icon-opened\"><svg xmlns=\"http:\/\/www.w3.org\/2000\/svg\" xmlns:xlink=\"http:\/\/www.w3.org\/1999\/xlink\" x=\"0px\" y=\"0px\" viewbox=\"0 0 19.9 19.9\" style=\"enable-background:new 0 0 19.9 19.9;\" xml:space=\"preserve\"><path d=\"M16.1,15.3l0-7c0-0.4-0.3-0.8-0.8-0.8c-0.4,0-0.8,0.3-0.8,0.8l0,5.1L5.1,4.1 c-0.3-0.3-0.8-0.3-1.1,0c-0.3,0.3-0.3,0.8,0,1.1l9.4,9.4l-5.1,0c-0.4,0-0.8,0.3-0.8,0.8c0,0.4,0.3,0.8,0.8,0.8l7,0 C15.7,16.1,16.1,15.7,16.1,15.3z\"><\/path><\/svg><\/span>\n\t\t\t\t\t\t\t\t\t\t\t\t\t\t<\/span>\n\t\t\t\t\t\t\t\t\t\t\t\t<a class=\"elementor-accordion-title\" tabindex=\"0\">\u0644\u0645 \u0623\u062d\u0635\u0644 \u0639\u0644\u0649 \u0625\u062c\u0627\u0628\u0629 \u0639\u0646 \u0633\u0624\u0627\u0644\u064a \u0644\u0623\u064a\u0643\u0648\u062a\u0648\u0628\u061f<\/a>\n\t\t\t\t\t<\/h5>\n\t\t\t\t\t<div id=\"elementor-tab-content-6471\" class=\"elementor-tab-content elementor-clearfix\" data-tab=\"1\" role=\"region\" aria-labelledby=\"elementor-tab-title-6471\"><p>\u0625\u0630\u0627 \u0644\u0645 \u062a\u062d\u0635\u0644 \u0639\u0644\u0649 \u0625\u062c\u0627\u0628\u0629 \u0639\u0644\u0649 \u0627\u0644\u0623\u0633\u0626\u0644\u0629 \u0627\u0644\u062a\u064a \u0637\u0631\u062d\u062a\u0647\u0627 \u0639\u0644\u0649 \u0623\u064a\u0643\u0648\u062a\u0648\u0628\u060c \u0641\u0625\u0646\u0647 \u0644\u0645 \u064a\u062a\u0645\u0643\u0646 \u0645\u0646 \u0627\u0644\u0639\u062b\u0648\u0631 \u0639\u0644\u0649 \u0623\u064a \u0648\u062b\u0627\u0626\u0642 \u062a\u062a\u0639\u0644\u0642 \u0628\u0623\u0633\u0626\u0644\u062a\u0643 \u0641\u064a \u0645\u0635\u0627\u062f\u0631\u0646\u0627. \u0625\u0630\u0627 \u0643\u0646\u062a \u062a\u0631\u063a\u0628 \u0641\u064a <a href=\"https:\/\/www.islamkutuphanesi.com\/ar\/\u0627\u0637\u0631\u062d-\u0633\u0624\u0627\u0644\u0627\u064b\/\">\u0637\u0631\u062d \u0633\u0624\u0627\u0644 ?<\/a> \u064a\u0645\u0643\u0646\u0643 \u0625\u0646\u0634\u0627\u0621 \u0623\u0633\u0626\u0644\u062a\u0643 \u0645\u0646 \u0627\u0644\u0642\u0633\u0645.<\/p><\/div>\n\t\t\t\t<\/div>\n\t\t\t\t\t\t\t<div class=\"elementor-accordion-item\">\n\t\t\t\t\t<h5 id=\"elementor-tab-title-6472\" class=\"elementor-tab-title\" data-tab=\"2\" role=\"button\" aria-controls=\"elementor-tab-content-6472\" aria-expanded=\"false\">\n\t\t\t\t\t\t\t\t\t\t\t\t\t<span class=\"elementor-accordion-icon elementor-accordion-icon-right\" aria-hidden=\"true\">\n\t\t\t\t\t\t\t\t\t\t\t\t\t\t\t<span class=\"elementor-accordion-icon-closed\"><svg xmlns=\"http:\/\/www.w3.org\/2000\/svg\" xmlns:xlink=\"http:\/\/www.w3.org\/1999\/xlink\" x=\"0px\" y=\"0px\" viewbox=\"0 0 19.9 19.9\" style=\"enable-background:new 0 0 19.9 19.9;\" xml:space=\"preserve\"><path d=\"M18,8.8l-5-5 c-0.3-0.3-0.8-0.3-1.1,0c-0.3,0.3-0.3,0.8,0,1.1l3.6,3.6H2.4C2,8.6,1.6,8.9,1.6,9.4c0,0.4,0.3,0.8,0.8,0.8h13.2L12,13.8 c-0.3,0.3-0.3,0.8,0,1.1c0.3,0.3,0.8,0.3,1.1,0l5-5C18.3,9.6,18.3,9.1,18,8.8z\"><\/path><\/svg><\/span>\n\t\t\t\t\t\t\t\t<span class=\"elementor-accordion-icon-opened\"><svg xmlns=\"http:\/\/www.w3.org\/2000\/svg\" xmlns:xlink=\"http:\/\/www.w3.org\/1999\/xlink\" x=\"0px\" y=\"0px\" viewbox=\"0 0 19.9 19.9\" style=\"enable-background:new 0 0 19.9 19.9;\" xml:space=\"preserve\"><path d=\"M16.1,15.3l0-7c0-0.4-0.3-0.8-0.8-0.8c-0.4,0-0.8,0.3-0.8,0.8l0,5.1L5.1,4.1 c-0.3-0.3-0.8-0.3-1.1,0c-0.3,0.3-0.3,0.8,0,1.1l9.4,9.4l-5.1,0c-0.4,0-0.8,0.3-0.8,0.8c0,0.4,0.3,0.8,0.8,0.8l7,0 C15.7,16.1,16.1,15.7,16.1,15.3z\"><\/path><\/svg><\/span>\n\t\t\t\t\t\t\t\t\t\t\t\t\t\t<\/span>\n\t\t\t\t\t\t\t\t\t\t\t\t<a class=\"elementor-accordion-title\" tabindex=\"0\">\u0647\u0644 \u064a\u0645\u0643\u0646\u0646\u0627 \u0625\u0636\u0627\u0641\u0629 \u0645\u0635\u062f\u0631\u061f<\/a>\n\t\t\t\t\t<\/h5>\n\t\t\t\t\t<div id=\"elementor-tab-content-6472\" class=\"elementor-tab-content elementor-clearfix\" data-tab=\"2\" role=\"region\" aria-labelledby=\"elementor-tab-title-6472\"><p>\u0644\u0645\u0633\u0627\u0639\u062f\u0629 \u0645\u0648\u0627\u0631\u062f\u0646\u0627 \u0648\u0625\u0636\u0627\u0641\u0629 \u0627\u0644\u0645\u0648\u0627\u0631\u062f\u060c \u064a\u0645\u0643\u0646\u0643 \u0623\u0646 \u062a\u0631\u0633\u0644 \u0644\u0646\u0627 \u0645\u0648\u0627\u0631\u062f\u0643 \u0645\u0646 \u0642\u0633\u0645 \u0625\u0631\u0633\u0627\u0644 \u0627\u0644\u0645\u0648\u0627\u0631\u062f. \u0633\u064a\u062a\u0645 \u0627\u0644\u062a\u062d\u0642\u0642 \u0645\u0646 \u0627\u0644\u0645\u0648\u0627\u0631\u062f \u0627\u0644\u062a\u064a \u0623\u0631\u0633\u0644\u062a\u0647\u0627 \u0648\u0627\u0644\u0645\u0648\u0627\u0641\u0642\u0629 \u0639\u0644\u064a\u0647\u0627 \u0645\u0646 \u0642\u0628\u0644 \u0645\u062d\u0631\u0631\u0646\u0627 \u0648\u0625\u0636\u0627\u0641\u062a\u0647\u0627 \u0625\u0644\u0649 \u0627\u0644\u0646\u0638\u0627\u0645.<\/p><\/div>\n\t\t\t\t<\/div>\n\t\t\t\t\t\t\t<div class=\"elementor-accordion-item\">\n\t\t\t\t\t<h5 id=\"elementor-tab-title-6473\" class=\"elementor-tab-title\" data-tab=\"3\" role=\"button\" aria-controls=\"elementor-tab-content-6473\" aria-expanded=\"false\">\n\t\t\t\t\t\t\t\t\t\t\t\t\t<span class=\"elementor-accordion-icon elementor-accordion-icon-right\" aria-hidden=\"true\">\n\t\t\t\t\t\t\t\t\t\t\t\t\t\t\t<span class=\"elementor-accordion-icon-closed\"><svg xmlns=\"http:\/\/www.w3.org\/2000\/svg\" xmlns:xlink=\"http:\/\/www.w3.org\/1999\/xlink\" x=\"0px\" y=\"0px\" viewbox=\"0 0 19.9 19.9\" style=\"enable-background:new 0 0 19.9 19.9;\" xml:space=\"preserve\"><path d=\"M18,8.8l-5-5 c-0.3-0.3-0.8-0.3-1.1,0c-0.3,0.3-0.3,0.8,0,1.1l3.6,3.6H2.4C2,8.6,1.6,8.9,1.6,9.4c0,0.4,0.3,0.8,0.8,0.8h13.2L12,13.8 c-0.3,0.3-0.3,0.8,0,1.1c0.3,0.3,0.8,0.3,1.1,0l5-5C18.3,9.6,18.3,9.1,18,8.8z\"><\/path><\/svg><\/span>\n\t\t\t\t\t\t\t\t<span class=\"elementor-accordion-icon-opened\"><svg xmlns=\"http:\/\/www.w3.org\/2000\/svg\" xmlns:xlink=\"http:\/\/www.w3.org\/1999\/xlink\" x=\"0px\" y=\"0px\" viewbox=\"0 0 19.9 19.9\" style=\"enable-background:new 0 0 19.9 19.9;\" xml:space=\"preserve\"><path d=\"M16.1,15.3l0-7c0-0.4-0.3-0.8-0.8-0.8c-0.4,0-0.8,0.3-0.8,0.8l0,5.1L5.1,4.1 c-0.3-0.3-0.8-0.3-1.1,0c-0.3,0.3-0.3,0.8,0,1.1l9.4,9.4l-5.1,0c-0.4,0-0.8,0.3-0.8,0.8c0,0.4,0.3,0.8,0.8,0.8l7,0 C15.7,16.1,16.1,15.7,16.1,15.3z\"><\/path><\/svg><\/span>\n\t\t\t\t\t\t\t\t\t\t\t\t\t\t<\/span>\n\t\t\t\t\t\t\t\t\t\t\t\t<a class=\"elementor-accordion-title\" tabindex=\"0\">\u0647\u0644 \u064a\u0645\u0643\u0646\u0646\u0627 \u062a\u0646\u0632\u064a\u0644 \u0645\u0635\u0627\u062f\u0631\u0643\u061f<\/a>\n\t\t\t\t\t<\/h5>\n\t\t\t\t\t<div id=\"elementor-tab-content-6473\" class=\"elementor-tab-content elementor-clearfix\" data-tab=\"3\" role=\"region\" aria-labelledby=\"elementor-tab-title-6473\">\u064a\u0645\u0643\u0646\u0643 \u0628\u0627\u0644\u0637\u0628\u0639 \u062a\u0646\u0632\u064a\u0644 \u0645\u0648\u0627\u0631\u062f\u0646\u0627. \u0645\u0648\u0627\u0631\u062f\u0646\u0627 <a href=\"https:\/\/www.islamkutuphanesi.com\/ar\/pdf-arsiv\/\">\u0623\u0631\u0634\u064a\u0641 PDF<\/a> \u0645\u0646 \u0627\u0644\u0645\u0648\u0642\u0639 \u0627\u0644\u0625\u0644\u0643\u062a\u0631\u0648\u0646\u064a.<\/div>\n\t\t\t\t<\/div>\n\t\t\t\t\t\t\t\t<\/div>\n\t\t\t\t\t\t<\/div>\n\t\t\t\t<\/div>\n\t\t\t\t<div class=\"elementor-element elementor-element-17e899ca elementor-widget-divider--view-line sc_fly_static elementor-widget elementor-widget-divider\" data-id=\"17e899ca\" data-element_type=\"widget\" data-widget_type=\"divider.default\">\n\t\t\t\t<div class=\"elementor-widget-container\">\n\t\t\t\t\t\t\t<div class=\"elementor-divider\">\n\t\t\t<span class=\"elementor-divider-separator\">\n\t\t\t\t\t\t<\/span>\n\t\t<\/div>\n\t\t\t\t\t\t<\/div>\n\t\t\t\t<\/div>\n\t\t\t\t\t<\/div>\n\t\t<\/div>\n\t\t\t\t\t<\/div>\n\t\t<\/section>\n\t\t\t\t<div class=\"elementor-element elementor-element-3b2d69c sc_height_huge sc_fly_static elementor-widget elementor-widget-spacer\" data-id=\"3b2d69c\" data-element_type=\"widget\" data-widget_type=\"spacer.default\">\n\t\t\t\t<div class=\"elementor-widget-container\">\n\t\t\t\t\t\t\t<div class=\"elementor-spacer\">\n\t\t\t<div class=\"elementor-spacer-inner\"><\/div>\n\t\t<\/div>\n\t\t\t\t\t\t<\/div>\n\t\t\t\t<\/div>\n\t\t\t\t<div class=\"elementor-element elementor-element-39666a5 sc_layouts_hide_on_notebook sc_layouts_hide_on_tablet sc_layouts_hide_on_mobile sc_fly_static elementor-widget elementor-widget-spacer\" data-id=\"39666a5\" data-element_type=\"widget\" data-widget_type=\"spacer.default\">\n\t\t\t\t<div class=\"elementor-widget-container\">\n\t\t\t\t\t\t\t<div class=\"elementor-spacer\">\n\t\t\t<div class=\"elementor-spacer-inner\"><\/div>\n\t\t<\/div>\n\t\t\t\t\t\t<\/div>\n\t\t\t\t<\/div>\n\t\t\t\t\t<\/div>\n\t\t<\/div>\n\t\t\t\t\t<\/div>\n\t\t<\/section>\n\t\t\t\t<\/div>","protected":false},"excerpt":{"rendered":"<p>S\u0131k Sorulan Sorular &#038; Cevaplar En \u00e7ok sorulan sorular ? Aykutup&#8217;a sordu\u011fum sorunun cevab\u0131n\u0131 alamad\u0131m ? Aykutup&#8217;a sordu\u011funuz sorular\u0131n cevab\u0131n\u0131 alamad\u0131ysan\u0131z kaynaklar\u0131m\u0131zda sorular\u0131n\u0131zla ilgili herhangi bir d\u00f6k\u00fcman bulamam\u0131\u015ft\u0131r. Dilerseniz Soru Sorun ?&hellip;<\/p>","protected":false},"author":1,"featured_media":0,"parent":0,"menu_order":0,"comment_status":"closed","ping_status":"closed","template":"","meta":{"footnotes":""},"class_list":["post-4579","page","type-page","status-publish","hentry"],"_links":{"self":[{"href":"https:\/\/www.islamkutuphanesi.com\/ar\/wp-json\/wp\/v2\/pages\/4579","targetHints":{"allow":["GET"]}}],"collection":[{"href":"https:\/\/www.islamkutuphanesi.com\/ar\/wp-json\/wp\/v2\/pages"}],"about":[{"href":"https:\/\/www.islamkutuphanesi.com\/ar\/wp-json\/wp\/v2\/types\/page"}],"author":[{"embeddable":true,"href":"https:\/\/www.islamkutuphanesi.com\/ar\/wp-json\/wp\/v2\/users\/1"}],"replies":[{"embeddable":true,"href":"https:\/\/www.islamkutuphanesi.com\/ar\/wp-json\/wp\/v2\/comments?post=4579"}],"version-history":[{"count":7,"href":"https:\/\/www.islamkutuphanesi.com\/ar\/wp-json\/wp\/v2\/pages\/4579\/revisions"}],"predecessor-version":[{"id":65360,"href":"https:\/\/www.islamkutuphanesi.com\/ar\/wp-json\/wp\/v2\/pages\/4579\/revisions\/65360"}],"wp:attachment":[{"href":"https:\/\/www.islamkutuphanesi.com\/ar\/wp-json\/wp\/v2\/media?parent=4579"}],"curies":[{"name":"wp","href":"https:\/\/api.w.org\/{rel}","templated":true}]}}